{"id":454,"date":"2013-01-18T18:19:47","date_gmt":"2013-01-18T18:19:47","guid":{"rendered":"http:\/\/www.skcpraha.cz\/?page_id=454"},"modified":"2020-05-10T21:38:12","modified_gmt":"2020-05-10T21:38:12","slug":"poradame","status":"publish","type":"page","link":"https:\/\/www.skcpraha.cz\/?page_id=454","title":{"rendered":"Po\u0159\u00e1d\u00e1me"},"content":{"rendered":"","protected":false},"excerpt":{"rendered":"<a href=\"https:\/\/www.skcpraha.cz\/?page_id=454\"><img width=\"150\" src=\"\" class=\"alignleft wp-post-image tfe\" alt=\"\" title=\"\" \/><\/a>","protected":false},"author":1,"featured_media":0,"parent":0,"menu_order":1,"comment_status":"closed","ping_status":"closed","template":"","meta":[],"_links":{"self":[{"href":"https:\/\/www.skcpraha.cz\/index.php?rest_route=\/wp\/v2\/pages\/454"}],"collection":[{"href":"https:\/\/www.skcpraha.cz\/index.php?rest_route=\/wp\/v2\/pages"}],"about":[{"href":"https:\/\/www.skcpraha.cz\/index.php?rest_route=\/wp\/v2\/types\/page"}],"author":[{"embeddable":true,"href":"https:\/\/www.skcpraha.cz\/index.php?rest_route=\/wp\/v2\/users\/1"}],"replies":[{"embeddable":true,"href":"https:\/\/www.skcpraha.cz\/index.php?rest_route=%2Fwp%2Fv2%2Fcomments&post=454"}],"version-history":[{"count":1,"href":"https:\/\/www.skcpraha.cz\/index.php?rest_route=\/wp\/v2\/pages\/454\/revisions"}],"predecessor-version":[{"id":1708,"href":"https:\/\/www.skcpraha.cz\/index.php?rest_route=\/wp\/v2\/pages\/454\/revisions\/1708"}],"wp:attachment":[{"href":"https:\/\/www.skcpraha.cz\/index.php?rest_route=%2Fwp%2Fv2%2Fmedia&parent=454"}],"curies":[{"name":"wp","href":"https:\/\/api.w.org\/{rel}","templated":true}]}}