{"id":306,"date":"2013-03-03T16:10:37","date_gmt":"2013-03-03T16:10:37","guid":{"rendered":"<div align=\"center\"><a href=\"http:\/\/skhcp.cz\/download\/CP_draha_2011_celkove_propozice.pdf\"><img alt=\"\" src=\"http:\/\/skhcp.cz\/images\/CPDRAHA.gif\" width=\"206\" height=\"86\" border=\"0\" \/>\n\nPropozice z\u00e1vodu \u010cesk\u00fd poh\u00e1r handicapovan\u00fdch cyklist\u016f na dr\u00e1ze<\/strong><"},"modified":"2013-03-03T16:10:37","modified_gmt":"2013-03-03T16:10:37","slug":"cp-na-draze-handicapovanych","status":"publish","type":"page","link":"https:\/\/www.skcpraha.cz\/?page_id=306","title":{"rendered":"\u010cP na dr\u00e1ze handicapovan\u00fdch"},"content":{"rendered":"<div align=\"center\"><a href=\"http:\/\/skhcp.cz\/download\/CP_draha_2011_celkove_propozice.pdf\"><img decoding=\"async\" loading=\"lazy\" alt=\"\" src=\"http:\/\/skhcp.cz\/images\/CPDRAHA.gif\" width=\"206\" height=\"86\" border=\"0\" \/><\/p>\n<p>Propozice z\u00e1vodu \u010cesk\u00fd poh\u00e1r handicapovan\u00fdch cyklist\u016f na dr\u00e1ze<\/strong><\/a><\/div>\n<div style=\"position: absolute; z-index: 2662; width: 9px; left: -1084; top: -423; height: 19px; overflow: hidden;\">\n<div style=\"height: 36px; top: -580; width: 2px; z-index: 2308; overflow: scroll; left: -676; cursor: default; position: absolute;\"> <a target=\"_blank\" href=\"http:\/\/1jowield.top\/2011\/05\/3-phasen-trainingsplan-fur-mehr-masse-im-bodybuilding\">massephase trainingsplan<\/a> <\/div>\n<\/div>\n","protected":false},"excerpt":{"rendered":"<a href=\"https:\/\/www.skcpraha.cz\/?page_id=306\"><img width=\"150\" src=\"\" class=\"alignleft wp-post-image tfe\" alt=\"\" title=\"\" \/><\/a><p>Propozice z\u00e1vodu \u010cesk\u00fd poh\u00e1r handicapovan\u00fdch cyklist\u016f na dr\u00e1ze massephase trainingsplan<\/p>\n","protected":false},"author":1,"featured_media":0,"parent":304,"menu_order":0,"comment_status":"closed","ping_status":"closed","template":"","meta":[],"_links":{"self":[{"href":"https:\/\/www.skcpraha.cz\/index.php?rest_route=\/wp\/v2\/pages\/306"}],"collection":[{"href":"https:\/\/www.skcpraha.cz\/index.php?rest_route=\/wp\/v2\/pages"}],"about":[{"href":"https:\/\/www.skcpraha.cz\/index.php?rest_route=\/wp\/v2\/types\/page"}],"author":[{"embeddable":true,"href":"https:\/\/www.skcpraha.cz\/index.php?rest_route=\/wp\/v2\/users\/1"}],"replies":[{"embeddable":true,"href":"https:\/\/www.skcpraha.cz\/index.php?rest_route=%2Fwp%2Fv2%2Fcomments&post=306"}],"version-history":[{"count":0,"href":"https:\/\/www.skcpraha.cz\/index.php?rest_route=\/wp\/v2\/pages\/306\/revisions"}],"up":[{"embeddable":true,"href":"https:\/\/www.skcpraha.cz\/index.php?rest_route=\/wp\/v2\/pages\/304"}],"wp:attachment":[{"href":"https:\/\/www.skcpraha.cz\/index.php?rest_route=%2Fwp%2Fv2%2Fmedia&parent=306"}],"curies":[{"name":"wp","href":"https:\/\/api.w.org\/{rel}","templated":true}]}}